{"id":1710,"date":"2022-12-02T16:53:50","date_gmt":"2022-12-02T16:53:50","guid":{"rendered":"https:\/\/musikinstfranziskus.ch\/wp\/?page_id=1710"},"modified":"2025-12-05T15:40:18","modified_gmt":"2025-12-05T15:40:18","slug":"about-2","status":"publish","type":"page","link":"https:\/\/www.franziskus-chor.ch\/index.php\/about-2\/","title":{"rendered":"\u00dcber uns"},"content":{"rendered":"\t\t<div data-elementor-type=\"wp-page\" data-elementor-id=\"1710\" class=\"elementor elementor-1710\" data-elementor-post-type=\"page\">\n\t\t\t\t\t\t<header class=\"elementor-section elementor-top-section elementor-element elementor-element-787048b elementor-section-full_width elementor-section-content-middle elementor-section-height-default elementor-section-height-default wpr-particle-no wpr-jarallax-no wpr-parallax-no wpr-sticky-section-no wpr-equal-height-no\" data-id=\"787048b\" data-element_type=\"section\" data-e-type=\"section\" data-settings=\"{&quot;sticky&quot;:&quot;top&quot;,&quot;sticky_on&quot;:[&quot;desktop&quot;,&quot;tablet&quot;,&quot;mobile&quot;],&quot;sticky_offset&quot;:0,&quot;sticky_effects_offset&quot;:0,&quot;sticky_anchor_link_offset&quot;:0}\">\n\t\t\t\t\t\t<div class=\"elementor-container elementor-column-gap-default\">\n\t\t\t\t\t<div class=\"elementor-column elementor-col-50 elementor-top-column elementor-element elementor-element-134794d\" data-id=\"134794d\" data-element_type=\"column\" data-e-type=\"column\">\n\t\t\t<div class=\"elementor-widget-wrap elementor-element-populated\">\n\t\t\t\t\t\t<div class=\"elementor-element elementor-element-a61f099 wpr-logo-position-center elementor-widget elementor-widget-wpr-logo\" data-id=\"a61f099\" data-element_type=\"widget\" data-e-type=\"widget\" data-widget_type=\"wpr-logo.default\">\n\t\t\t\t<div class=\"elementor-widget-container\">\n\t\t\t\t\t\t\t\t\n\t\t\t<div class=\"wpr-logo elementor-clearfix\">\n\n\t\t\t\t\t\t\t\t<picture class=\"wpr-logo-image\">\n\t\t\t\t\t\n\t\t\t\t\t\t\t\t\t\t\n\t\t\t\t\t<img decoding=\"async\" src=\"https:\/\/www.franziskus-chor.ch\/wp-content\/uploads\/2022\/12\/FranzChor_Logo\u201322_.png\" alt=\"\">\n\n\t\t\t\t\t\t\t\t\t\t\t<a class=\"wpr-logo-url\" rel=\"home\" aria-label=\"\" href=\"https:\/\/www.franziskus-chor.ch\/\"><\/a>\n\t\t\t\t\t\t\t\t\t<\/picture>\n\t\t\t\t\n\t\t\t\t\n\t\t\t\t\t\t\t\t\t<a class=\"wpr-logo-url\" rel=\"home\" aria-label=\"\" href=\"https:\/\/www.franziskus-chor.ch\/\"><\/a>\n\t\t\t\t\n\t\t\t<\/div>\n\t\t\t\t\n\t\t\t\t\t\t<\/div>\n\t\t\t\t<\/div>\n\t\t\t\t\t<\/div>\n\t\t<\/div>\n\t\t\t\t<div class=\"elementor-column elementor-col-50 elementor-top-column elementor-element elementor-element-08271b7\" data-id=\"08271b7\" data-element_type=\"column\" data-e-type=\"column\">\n\t\t\t<div class=\"elementor-widget-wrap elementor-element-populated\">\n\t\t\t\t\t\t<div class=\"elementor-element elementor-element-5c5d25e elementor-nav-menu__text-align-aside elementor-nav-menu--toggle elementor-nav-menu--burger elementor-widget elementor-widget-nav-menu\" data-id=\"5c5d25e\" data-element_type=\"widget\" data-e-type=\"widget\" data-settings=\"{&quot;layout&quot;:&quot;dropdown&quot;,&quot;submenu_icon&quot;:{&quot;value&quot;:&quot;&lt;i class=\\&quot;fas fa-caret-down\\&quot;&gt;&lt;\\\/i&gt;&quot;,&quot;library&quot;:&quot;fa-solid&quot;},&quot;toggle&quot;:&quot;burger&quot;}\" data-widget_type=\"nav-menu.default\">\n\t\t\t\t<div class=\"elementor-widget-container\">\n\t\t\t\t\t\t\t<div class=\"elementor-menu-toggle\" role=\"button\" tabindex=\"0\" aria-label=\"Menu Toggle\" aria-expanded=\"false\">\n\t\t\t<i aria-hidden=\"true\" role=\"presentation\" class=\"elementor-menu-toggle__icon--open eicon-menu-bar\"><\/i><i aria-hidden=\"true\" role=\"presentation\" class=\"elementor-menu-toggle__icon--close eicon-close\"><\/i>\t\t<\/div>\n\t\t\t\t\t<nav class=\"elementor-nav-menu--dropdown elementor-nav-menu__container\" aria-hidden=\"true\">\n\t\t\t\t<ul id=\"menu-2-5c5d25e\" class=\"elementor-nav-menu\"><li class=\"menu-item menu-item-type-post_type menu-item-object-page menu-item-home menu-item-1412\"><a href=\"https:\/\/www.franziskus-chor.ch\/\" class=\"elementor-item\" tabindex=\"-1\">Aktuell<\/a><\/li>\n<li class=\"menu-item menu-item-type-post_type menu-item-object-page menu-item-1405\"><a href=\"https:\/\/www.franziskus-chor.ch\/index.php\/about\/\" class=\"elementor-item\" tabindex=\"-1\">Editorial<\/a><\/li>\n<li class=\"menu-item menu-item-type-post_type menu-item-object-page menu-item-1404\"><a href=\"https:\/\/www.franziskus-chor.ch\/index.php\/gottesdienste-probenplan\/\" class=\"elementor-item\" tabindex=\"-1\">Gottesdienste \u2013 Probenplan<\/a><\/li>\n<li class=\"menu-item menu-item-type-post_type menu-item-object-page menu-item-1711\"><a href=\"https:\/\/www.franziskus-chor.ch\/index.php\/about-2\/\" class=\"elementor-item\" tabindex=\"-1\">\u00dcber uns<\/a><\/li>\n<li class=\"menu-item menu-item-type-post_type menu-item-object-page menu-item-1725\"><a href=\"https:\/\/www.franziskus-chor.ch\/index.php\/projekte\/\" class=\"elementor-item\" tabindex=\"-1\">Projekte<\/a><\/li>\n<li class=\"menu-item menu-item-type-post_type menu-item-object-page menu-item-1822\"><a href=\"https:\/\/www.franziskus-chor.ch\/index.php\/impressionen\/\" class=\"elementor-item\" tabindex=\"-1\">Impressionen<\/a><\/li>\n<li class=\"menu-item menu-item-type-post_type menu-item-object-page menu-item-1889\"><a href=\"https:\/\/www.franziskus-chor.ch\/index.php\/kontakt\/\" class=\"elementor-item\" tabindex=\"-1\">Kontakt<\/a><\/li>\n<\/ul>\t\t\t<\/nav>\n\t\t\t\t\t\t<\/div>\n\t\t\t\t<\/div>\n\t\t\t\t\t<\/div>\n\t\t<\/div>\n\t\t\t\t\t<\/div>\n\t\t<\/header>\n\t\t\t\t<section class=\"elementor-section elementor-top-section elementor-element elementor-element-de7f0db elementor-section-boxed elementor-section-height-default elementor-section-height-default wpr-particle-no wpr-jarallax-no wpr-parallax-no wpr-sticky-section-no wpr-equal-height-no\" data-id=\"de7f0db\" data-element_type=\"section\" data-e-type=\"section\">\n\t\t\t\t\t\t<div class=\"elementor-container elementor-column-gap-default\">\n\t\t\t\t\t<div class=\"elementor-column elementor-col-50 elementor-top-column elementor-element elementor-element-19b613e7\" data-id=\"19b613e7\" data-element_type=\"column\" data-e-type=\"column\">\n\t\t\t<div class=\"elementor-widget-wrap elementor-element-populated\">\n\t\t\t\t\t\t<div class=\"elementor-element elementor-element-4c27d2f3 elementor-widget elementor-widget-heading\" data-id=\"4c27d2f3\" data-element_type=\"widget\" data-e-type=\"widget\" data-widget_type=\"heading.default\">\n\t\t\t\t<div class=\"elementor-widget-container\">\n\t\t\t\t\t<h2 class=\"elementor-heading-title elementor-size-default\">\u00dcber uns \n<\/h2>\t\t\t\t<\/div>\n\t\t\t\t<\/div>\n\t\t\t\t<div class=\"elementor-element elementor-element-79ad00a elementor-widget-divider--view-line elementor-widget elementor-widget-divider\" data-id=\"79ad00a\" data-element_type=\"widget\" data-e-type=\"widget\" data-widget_type=\"divider.default\">\n\t\t\t\t<div class=\"elementor-widget-container\">\n\t\t\t\t\t\t\t<div class=\"elementor-divider\">\n\t\t\t<span class=\"elementor-divider-separator\">\n\t\t\t\t\t\t<\/span>\n\t\t<\/div>\n\t\t\t\t\t\t<\/div>\n\t\t\t\t<\/div>\n\t\t\t\t<div class=\"elementor-element elementor-element-7dc7a018 elementor-widget elementor-widget-heading\" data-id=\"7dc7a018\" data-element_type=\"widget\" data-e-type=\"widget\" data-widget_type=\"heading.default\">\n\t\t\t\t<div class=\"elementor-widget-container\">\n\t\t\t\t\t<h2 class=\"elementor-heading-title elementor-size-default\"> Franziskus-Chor<\/h2>\t\t\t\t<\/div>\n\t\t\t\t<\/div>\n\t\t\t\t<div class=\"elementor-element elementor-element-4c3a4ae elementor-widget-divider--view-line elementor-widget elementor-widget-divider\" data-id=\"4c3a4ae\" data-element_type=\"widget\" data-e-type=\"widget\" data-widget_type=\"divider.default\">\n\t\t\t\t<div class=\"elementor-widget-container\">\n\t\t\t\t\t\t\t<div class=\"elementor-divider\">\n\t\t\t<span class=\"elementor-divider-separator\">\n\t\t\t\t\t\t<\/span>\n\t\t<\/div>\n\t\t\t\t\t\t<\/div>\n\t\t\t\t<\/div>\n\t\t\t\t<div class=\"elementor-element elementor-element-6419eac0 elementor-widget elementor-widget-image\" data-id=\"6419eac0\" data-element_type=\"widget\" data-e-type=\"widget\" data-widget_type=\"image.default\">\n\t\t\t\t<div class=\"elementor-widget-container\">\n\t\t\t\t\t\t\t\t\t\t\t\t\t\t\t<img fetchpriority=\"high\" decoding=\"async\" width=\"960\" height=\"566\" src=\"https:\/\/www.franziskus-chor.ch\/wp-content\/uploads\/2022\/12\/FranziskusChor_DSC5282-scaled.jpg\" class=\"attachment-large size-large wp-image-2509\" alt=\"\" srcset=\"https:\/\/www.franziskus-chor.ch\/wp-content\/uploads\/2022\/12\/FranziskusChor_DSC5282-scaled.jpg 2560w, https:\/\/www.franziskus-chor.ch\/wp-content\/uploads\/2022\/12\/FranziskusChor_DSC5282-300x177.jpg 300w\" sizes=\"(max-width: 960px) 100vw, 960px\" \/>\t\t\t\t\t\t\t\t\t\t\t\t\t\t\t<\/div>\n\t\t\t\t<\/div>\n\t\t\t\t<div class=\"elementor-element elementor-element-f211a00 elementor-widget elementor-widget-text-editor\" data-id=\"f211a00\" data-element_type=\"widget\" data-e-type=\"widget\" data-widget_type=\"text-editor.default\">\n\t\t\t\t<div class=\"elementor-widget-container\">\n\t\t\t\t\t\t\t\t\t<p>Kirchenmusik hat in der Pfarrei St. Franzis\u2013kus eine lange Tradition. Unser Chor besteht seit \u00fcber 100 Jahren. Damit sind wir sogar ein wenig \u00e4lter als unsere rote Kirche mit dem runden Turm beim Morgental. Die musikalische Mitgestaltung der Liturgie ist unser zentrales Anliegen. Unser Repertoire umfasst geistliche Musik aller Epochen. Offen f\u00fcr Neues, bisher wenig Bekanntes, wagen wir uns immer wieder an spezielle Chorprojekte heran und laden Interessierte zum Mitsingen ein. 2010 war es die Toggenburger Passion von Peter Roth, 2014 die \u00abMisa Tango\u00bb von Martin Palmeri, welche wir im Rahmen des Konzertzyklus \u00abMusik in St. Franziskus\u00bb auff\u00fchren durften, und 2016 das Oratorio Francescano von Thomas Fortmann. 2019 stand wieder einmal Peter Roth im Vordergrund. Neben der Toggenburger Messe haben uns auch seine Sch\u00f6pfungspsalmen besch\u00e4ftigt. Einen ganz besonderen H\u00f6hepunkt bildete schliesslich unser Konzert im Juni 2022, wo wir John Rutters \u00abMagnificat\u00bb singen durften. Interessierte Gasts\u00e4nger\/innen sind stets herzlich zum Mitmachen eingeladen. Als Verein der Pfarrei St. Franziskus bietet der Chor seinen Mitgliedern auch Kameradschaft und Geselligkeit und beteiligt sich an der Gestaltung anderer Gemeindeaktivit\u00e4ten.<\/p><p class=\"p1\"><b>Pfeifen Sie noch oder singen Sie schon?<br \/><\/b><\/p>\t\t\t\t\t\t\t\t<\/div>\n\t\t\t\t<\/div>\n\t\t\t\t<div class=\"elementor-element elementor-element-c4fd260 elementor-widget-divider--view-line elementor-widget elementor-widget-divider\" data-id=\"c4fd260\" data-element_type=\"widget\" data-e-type=\"widget\" data-widget_type=\"divider.default\">\n\t\t\t\t<div class=\"elementor-widget-container\">\n\t\t\t\t\t\t\t<div class=\"elementor-divider\">\n\t\t\t<span class=\"elementor-divider-separator\">\n\t\t\t\t\t\t<\/span>\n\t\t<\/div>\n\t\t\t\t\t\t<\/div>\n\t\t\t\t<\/div>\n\t\t\t\t<div class=\"elementor-element elementor-element-37a01cd wpr-button-icon-style-inline wpr-button-icon-position-right elementor-widget elementor-widget-wpr-button\" data-id=\"37a01cd\" data-element_type=\"widget\" data-e-type=\"widget\" data-widget_type=\"wpr-button.default\">\n\t\t\t\t<div class=\"elementor-widget-container\">\n\t\t\t\t\t\t\n\t\t\t\n\t\t\n\t\t<div class=\"wpr-button-wrap elementor-clearfix\">\n\t\t<a class=\"wpr-button wpr-button-effect elementor-animation-float\" data-text=\"\" href=\"https:\/\/www.franziskus-chor.ch\/wp-content\/uploads\/2025\/12\/FranziskusChorProjektflyer26.pdf\">\n\t\t\t\n\t\t\t<span class=\"wpr-button-content\">\n\t\t\t\t\t\t\t\t\t<span class=\"wpr-button-text\">Chor-Flyer 2025<\/span>\n\t\t\t\t\t\t\t\t\n\t\t\t\t\t\t\t\t\t<span class=\"wpr-button-icon\"><i class=\"fas fa-angle-right\"><\/i><\/span>\n\t\t\t\t\t\t\t<\/span>\n\t\t<\/a>\n\n\t\t\t\t<\/div>\n\t\n\t\n\t\t\t\t\t<\/div>\n\t\t\t\t<\/div>\n\t\t\t\t\t<\/div>\n\t\t<\/div>\n\t\t\t\t<div class=\"elementor-column elementor-col-50 elementor-top-column elementor-element elementor-element-13b10bac\" data-id=\"13b10bac\" data-element_type=\"column\" data-e-type=\"column\">\n\t\t\t<div class=\"elementor-widget-wrap elementor-element-populated\">\n\t\t\t\t\t\t<div class=\"elementor-element elementor-element-e2996fe elementor-widget elementor-widget-spacer\" data-id=\"e2996fe\" data-element_type=\"widget\" data-e-type=\"widget\" data-widget_type=\"spacer.default\">\n\t\t\t\t<div class=\"elementor-widget-container\">\n\t\t\t\t\t\t\t<div class=\"elementor-spacer\">\n\t\t\t<div class=\"elementor-spacer-inner\"><\/div>\n\t\t<\/div>\n\t\t\t\t\t\t<\/div>\n\t\t\t\t<\/div>\n\t\t\t\t<div class=\"elementor-element elementor-element-6cd870d elementor-widget elementor-widget-heading\" data-id=\"6cd870d\" data-element_type=\"widget\" data-e-type=\"widget\" data-widget_type=\"heading.default\">\n\t\t\t\t<div class=\"elementor-widget-container\">\n\t\t\t\t\t<h2 class=\"elementor-heading-title elementor-size-default\">Chorleiter und <br> Organist <br>\nFelix Ketterer<\/h2>\t\t\t\t<\/div>\n\t\t\t\t<\/div>\n\t\t\t\t<div class=\"elementor-element elementor-element-777a89d elementor-widget-divider--view-line elementor-widget elementor-widget-divider\" data-id=\"777a89d\" data-element_type=\"widget\" data-e-type=\"widget\" data-widget_type=\"divider.default\">\n\t\t\t\t<div class=\"elementor-widget-container\">\n\t\t\t\t\t\t\t<div class=\"elementor-divider\">\n\t\t\t<span class=\"elementor-divider-separator\">\n\t\t\t\t\t\t<\/span>\n\t\t<\/div>\n\t\t\t\t\t\t<\/div>\n\t\t\t\t<\/div>\n\t\t\t\t<div class=\"elementor-element elementor-element-ee14fa7 elementor-widget elementor-widget-image\" data-id=\"ee14fa7\" data-element_type=\"widget\" data-e-type=\"widget\" data-widget_type=\"image.default\">\n\t\t\t\t<div class=\"elementor-widget-container\">\n\t\t\t\t\t\t\t\t\t\t\t\t\t\t\t<img decoding=\"async\" width=\"683\" height=\"1024\" src=\"https:\/\/www.franziskus-chor.ch\/wp-content\/uploads\/2022\/12\/FelixKetterer-683x1024.jpg\" class=\"attachment-large size-large wp-image-2510\" alt=\"\" srcset=\"https:\/\/www.franziskus-chor.ch\/wp-content\/uploads\/2022\/12\/FelixKetterer-683x1024.jpg 683w, https:\/\/www.franziskus-chor.ch\/wp-content\/uploads\/2022\/12\/FelixKetterer-200x300.jpg 200w, https:\/\/www.franziskus-chor.ch\/wp-content\/uploads\/2022\/12\/FelixKetterer-768x1152.jpg 768w, https:\/\/www.franziskus-chor.ch\/wp-content\/uploads\/2022\/12\/FelixKetterer-1024x1536.jpg 1024w, https:\/\/www.franziskus-chor.ch\/wp-content\/uploads\/2022\/12\/FelixKetterer-1366x2048.jpg 1366w, https:\/\/www.franziskus-chor.ch\/wp-content\/uploads\/2022\/12\/FelixKetterer-scaled.jpg 1707w\" sizes=\"(max-width: 683px) 100vw, 683px\" \/>\t\t\t\t\t\t\t\t\t\t\t\t\t\t\t<\/div>\n\t\t\t\t<\/div>\n\t\t\t\t<div class=\"elementor-element elementor-element-17c74785 elementor-widget elementor-widget-text-editor\" data-id=\"17c74785\" data-element_type=\"widget\" data-e-type=\"widget\" data-widget_type=\"text-editor.default\">\n\t\t\t\t<div class=\"elementor-widget-container\">\n\t\t\t\t\t\t\t\t\t<p><span class=\"s2\">Felix Ketterer<\/span><span class=\"s2\"> ist seit November 2020 Organist in der Kirche St. Franziskus und hat Anfang 2023<\/span> <span class=\"s2\">auch die Leitung <\/span><span class=\"s2\">des Franziskus Chors<\/span><span class=\"s2\"> \u00fcbernommen<\/span><span class=\"s2\">.<\/span><\/p><p><span class=\"s2\">Nach ersten Studiensemestern an der Musikhochschule Stuttgart studierte er an der <\/span><span class=\"s2\">schola<\/span><span class=\"s2\"> cantorum <\/span><span class=\"s2\">basliensis <\/span><span class=\"s2\">und schloss seine Studien unter anderem mit dem Diplom f\u00fcr Alte Musik 2006 ab. Er absolvierte zahlreiche Meisterkurse, hatte einen Lehrauftrag f\u00fcr Orgelliteratur an der p\u00e4dagogischen Hochschule Freiburg und kann auch auf eine reiche Konzerterfahrung blicken. <\/span><span class=\"s2\">Seit 2011 versieht er als Organist Dienste im M\u00fcnster U.L.F. Freiburg im Breisgau in Vertretung des M\u00fcnsterorganisten. <\/span><span class=\"s2\">Zudem leitete er erfolgreich mehrere kirchliche und weltliche Ch\u00f6re<\/span><span class=\"s2\">. <\/span>Wir freuen uns immer wieder auf neue, spannende Chorerlebnisse mit ihm.<\/p>\t\t\t\t\t\t\t\t<\/div>\n\t\t\t\t<\/div>\n\t\t\t\t\t<\/div>\n\t\t<\/div>\n\t\t\t\t\t<\/div>\n\t\t<\/section>\n\t\t\t\t<section class=\"elementor-section elementor-top-section elementor-element elementor-element-b5a795b elementor-section-full_width elementor-section-height-min-height elementor-section-height-default elementor-section-items-middle wpr-particle-no wpr-jarallax-no wpr-parallax-no wpr-sticky-section-no wpr-equal-height-no elementor-invisible\" data-id=\"b5a795b\" data-element_type=\"section\" data-e-type=\"section\" data-settings=\"{&quot;background_background&quot;:&quot;classic&quot;,&quot;animation&quot;:&quot;fadeIn&quot;,&quot;animation_delay&quot;:400}\">\n\t\t\t\t\t\t<div class=\"elementor-container elementor-column-gap-default\">\n\t\t\t\t\t<div class=\"elementor-column elementor-col-100 elementor-top-column elementor-element elementor-element-ab99fc1\" data-id=\"ab99fc1\" data-element_type=\"column\" data-e-type=\"column\">\n\t\t\t<div class=\"elementor-widget-wrap elementor-element-populated\">\n\t\t\t\t\t\t<div class=\"elementor-element elementor-element-0c99242 elementor-widget elementor-widget-text-editor\" data-id=\"0c99242\" data-element_type=\"widget\" data-e-type=\"widget\" data-widget_type=\"text-editor.default\">\n\t\t\t\t<div class=\"elementor-widget-container\">\n\t\t\t\t\t\t\t\t\t<p>Abonnieren sie unseren Newsletter!<\/p>\t\t\t\t\t\t\t\t<\/div>\n\t\t\t\t<\/div>\n\t\t\t\t<section class=\"elementor-section elementor-inner-section elementor-element elementor-element-dda58ef elementor-section-full_width elementor-section-height-default elementor-section-height-default wpr-particle-no wpr-jarallax-no wpr-parallax-no wpr-sticky-section-no wpr-equal-height-no\" data-id=\"dda58ef\" data-element_type=\"section\" data-e-type=\"section\">\n\t\t\t\t\t\t<div class=\"elementor-container elementor-column-gap-no\">\n\t\t\t\t\t<div class=\"elementor-column elementor-col-100 elementor-inner-column elementor-element elementor-element-df886a1\" data-id=\"df886a1\" data-element_type=\"column\" data-e-type=\"column\">\n\t\t\t<div class=\"elementor-widget-wrap\">\n\t\t\t\t\t\t\t<\/div>\n\t\t<\/div>\n\t\t\t\t\t<\/div>\n\t\t<\/section>\n\t\t\t\t<div class=\"elementor-element elementor-element-f59f37e elementor-button-align-center elementor-widget elementor-widget-form\" data-id=\"f59f37e\" data-element_type=\"widget\" data-e-type=\"widget\" data-settings=\"{&quot;step_next_label&quot;:&quot;Next&quot;,&quot;step_previous_label&quot;:&quot;Previous&quot;,&quot;button_width&quot;:&quot;20&quot;,&quot;step_type&quot;:&quot;number_text&quot;,&quot;step_icon_shape&quot;:&quot;circle&quot;}\" data-widget_type=\"form.default\">\n\t\t\t\t<div class=\"elementor-widget-container\">\n\t\t\t\t\t\t\t<form class=\"elementor-form\" method=\"post\" name=\"New Form\" aria-label=\"New Form\">\n\t\t\t<input type=\"hidden\" name=\"post_id\" value=\"1710\"\/>\n\t\t\t<input type=\"hidden\" name=\"form_id\" value=\"f59f37e\"\/>\n\t\t\t<input type=\"hidden\" name=\"referer_title\" value=\"\u00dcber uns - Franziskuschor | Z\u00fcrich-Wollishofen\" \/>\n\n\t\t\t\t\t\t\t<input type=\"hidden\" name=\"queried_id\" value=\"1710\"\/>\n\t\t\t\n\t\t\t<div class=\"elementor-form-fields-wrapper elementor-labels-\">\n\t\t\t\t\t\t\t\t<div class=\"elementor-field-type-text elementor-field-group elementor-column elementor-field-group-name elementor-col-40\">\n\t\t\t\t\t\t\t\t\t\t\t\t<label for=\"form-field-name\" class=\"elementor-field-label elementor-screen-only\">\n\t\t\t\t\t\t\t\tName\t\t\t\t\t\t\t<\/label>\n\t\t\t\t\t\t\t\t\t\t\t\t\t\t<input size=\"1\" type=\"text\" name=\"form_fields[name]\" id=\"form-field-name\" class=\"elementor-field elementor-size-sm  elementor-field-textual\" placeholder=\"Name\">\n\t\t\t\t\t\t\t\t\t\t\t<\/div>\n\t\t\t\t\t\t\t\t<div class=\"elementor-field-type-email elementor-field-group elementor-column elementor-field-group-email elementor-col-40 elementor-field-required\">\n\t\t\t\t\t\t\t\t\t\t\t\t<label for=\"form-field-email\" class=\"elementor-field-label elementor-screen-only\">\n\t\t\t\t\t\t\t\tIhe Email\t\t\t\t\t\t\t<\/label>\n\t\t\t\t\t\t\t\t\t\t\t\t\t\t<input size=\"1\" type=\"email\" name=\"form_fields[email]\" id=\"form-field-email\" class=\"elementor-field elementor-size-sm  elementor-field-textual\" placeholder=\"Email\" required=\"required\">\n\t\t\t\t\t\t\t\t\t\t\t<\/div>\n\t\t\t\t\t\t\t\t<div class=\"elementor-field-group elementor-column elementor-field-type-submit elementor-col-20 e-form__buttons\">\n\t\t\t\t\t<button class=\"elementor-button elementor-size-sm\" type=\"submit\">\n\t\t\t\t\t\t<span class=\"elementor-button-content-wrapper\">\n\t\t\t\t\t\t\t\t\t\t\t\t\t\t\t\t\t\t\t\t\t\t<span class=\"elementor-button-text\">senden<\/span>\n\t\t\t\t\t\t\t\t\t\t\t\t\t<\/span>\n\t\t\t\t\t<\/button>\n\t\t\t\t<\/div>\n\t\t\t<\/div>\n\t\t<input\n                    class=\"apbct_special_field apbct_email_id__elementor_form\"\n                    name=\"apbct__email_id__elementor_form\"\n                    aria-label=\"apbct__label_id__elementor_form\"\n                    type=\"text\" size=\"30\" maxlength=\"200\" autocomplete=\"off\"\n                    value=\"\"\n                \/><\/form>\n\t\t\t\t\t\t<\/div>\n\t\t\t\t<\/div>\n\t\t\t\t\t<\/div>\n\t\t<\/div>\n\t\t\t\t\t<\/div>\n\t\t<\/section>\n\t\t\t\t<\/div>\n\t\t","protected":false},"excerpt":{"rendered":"<p>\u00dcber uns Franziskus-Chor Kirchenmusik hat in der Pfarrei St. Franzis\u2013kus eine lange Tradition. Unser Chor besteht seit \u00fcber 100 Jahren. Damit sind wir sogar ein wenig \u00e4lter als unsere rote Kirche mit dem runden Turm beim Morgental. Die musikalische Mitgestaltung der Liturgie ist unser zentrales Anliegen. Unser Repertoire umfasst geistliche Musik aller Epochen. Offen f\u00fcr Neues, bisher wenig Bekanntes, wagen wir uns immer wieder an spezielle Chorprojekte heran und laden Interessierte zum Mitsingen ein. 2010 war es die Toggenburger Passion von Peter Roth, 2014 die \u00abMisa Tango\u00bb von Martin Palmeri, welche wir im Rahmen des Konzertzyklus \u00abMusik in St. Franziskus\u00bb auff\u00fchren durften, und 2016 das Oratorio Francescano von Thomas Fortmann. 2019 stand wieder einmal Peter Roth im Vordergrund. Neben der Toggenburger Messe haben uns auch seine Sch\u00f6pfungspsalmen besch\u00e4ftigt. Einen ganz besonderen H\u00f6hepunkt bildete schliesslich unser Konzert im Juni 2022, wo wir John Rutters \u00abMagnificat\u00bb singen durften. Interessierte Gasts\u00e4nger\/innen sind stets herzlich zum Mitmachen eingeladen. Als Verein der Pfarrei St. Franziskus bietet der Chor seinen Mitgliedern auch Kameradschaft und Geselligkeit und beteiligt sich an der Gestaltung anderer Gemeindeaktivit\u00e4ten. Pfeifen Sie noch oder singen Sie schon? Chor-Flyer 2025 Chorleiter und Organist Felix Ketterer Felix Ketterer ist seit November 2020 Organist in der Kirche St. Franziskus und hat Anfang 2023 auch die Leitung des Franziskus Chors \u00fcbernommen. Nach ersten Studiensemestern an der Musikhochschule Stuttgart studierte er an der schola cantorum basliensis und schloss seine Studien unter anderem mit dem Diplom f\u00fcr Alte Musik 2006 ab. Er absolvierte zahlreiche Meisterkurse, hatte einen Lehrauftrag f\u00fcr Orgelliteratur an der p\u00e4dagogischen Hochschule Freiburg und kann auch auf eine reiche Konzerterfahrung blicken. Seit 2011 versieht er als Organist Dienste im M\u00fcnster U.L.F. Freiburg im Breisgau in Vertretung des M\u00fcnsterorganisten. Zudem leitete er erfolgreich mehrere kirchliche und weltliche Ch\u00f6re. Wir freuen uns immer wieder auf neue, spannende Chorerlebnisse mit ihm. Abonnieren sie unseren Newsletter!<\/p>\n","protected":false},"author":1,"featured_media":0,"parent":0,"menu_order":0,"comment_status":"closed","ping_status":"closed","template":"elementor_canvas","meta":{"om_disable_all_campaigns":false,"_monsterinsights_skip_tracking":false,"_monsterinsights_sitenote_active":false,"_monsterinsights_sitenote_note":"","_monsterinsights_sitenote_category":0,"footnotes":""},"class_list":["post-1710","page","type-page","status-publish","hentry"],"aioseo_notices":[],"_links":{"self":[{"href":"https:\/\/www.franziskus-chor.ch\/index.php\/wp-json\/wp\/v2\/pages\/1710","targetHints":{"allow":["GET"]}}],"collection":[{"href":"https:\/\/www.franziskus-chor.ch\/index.php\/wp-json\/wp\/v2\/pages"}],"about":[{"href":"https:\/\/www.franziskus-chor.ch\/index.php\/wp-json\/wp\/v2\/types\/page"}],"author":[{"embeddable":true,"href":"https:\/\/www.franziskus-chor.ch\/index.php\/wp-json\/wp\/v2\/users\/1"}],"replies":[{"embeddable":true,"href":"https:\/\/www.franziskus-chor.ch\/index.php\/wp-json\/wp\/v2\/comments?post=1710"}],"version-history":[{"count":116,"href":"https:\/\/www.franziskus-chor.ch\/index.php\/wp-json\/wp\/v2\/pages\/1710\/revisions"}],"predecessor-version":[{"id":4599,"href":"https:\/\/www.franziskus-chor.ch\/index.php\/wp-json\/wp\/v2\/pages\/1710\/revisions\/4599"}],"wp:attachment":[{"href":"https:\/\/www.franziskus-chor.ch\/index.php\/wp-json\/wp\/v2\/media?parent=1710"}],"curies":[{"name":"wp","href":"https:\/\/api.w.org\/{rel}","templated":true}]}}